{"id":637,"date":"2022-11-30T17:00:08","date_gmt":"2022-11-30T16:00:08","guid":{"rendered":"https:\/\/famous-solidarite.eu\/partenaires\/"},"modified":"2023-05-02T11:25:43","modified_gmt":"2023-05-02T09:25:43","slug":"partenaires","status":"publish","type":"page","link":"https:\/\/famous-solidarite.eu\/ro\/partenaires\/","title":{"rendered":"Partenerii"},"content":{"rendered":"\t\t<div data-elementor-type=\"wp-page\" data-elementor-id=\"637\" class=\"elementor elementor-637 elementor-143\" data-elementor-post-type=\"page\">\n\t\t\t\t\t\t<section class=\"elementor-section elementor-top-section elementor-element elementor-element-0c551e8 elementor-section-height-min-height elementor-section-items-bottom elementor-section-boxed elementor-section-height-default\" data-id=\"0c551e8\" data-element_type=\"section\" data-settings=\"{&quot;background_background&quot;:&quot;classic&quot;}\">\n\t\t\t\t\t\t<div class=\"elementor-container elementor-column-gap-default\">\n\t\t\t\t\t<div class=\"elementor-column elementor-col-100 elementor-top-column elementor-element elementor-element-a4916b3\" data-id=\"a4916b3\" data-element_type=\"column\">\n\t\t\t<div class=\"elementor-widget-wrap elementor-element-populated\">\n\t\t\t\t\t\t<div class=\"elementor-element elementor-element-5148c16 elementor-widget elementor-widget-heading\" data-id=\"5148c16\" data-element_type=\"widget\" data-widget_type=\"heading.default\">\n\t\t\t\t<div class=\"elementor-widget-container\">\n\t\t\t\t\t<h1 class=\"elementor-heading-title elementor-size-default\">Partenerii de proiect\nFAMOUS<\/h1>\t\t\t\t<\/div>\n\t\t\t\t<\/div>\n\t\t\t\t\t<\/div>\n\t\t<\/div>\n\t\t\t\t\t<\/div>\n\t\t<\/section>\n\t\t\t\t<section class=\"elementor-section elementor-top-section elementor-element elementor-element-600d167 elementor-section-boxed elementor-section-height-default elementor-section-height-default\" data-id=\"600d167\" data-element_type=\"section\">\n\t\t\t\t\t\t<div class=\"elementor-container elementor-column-gap-default\">\n\t\t\t\t\t<div class=\"elementor-column elementor-col-100 elementor-top-column elementor-element elementor-element-6dfe3c2\" data-id=\"6dfe3c2\" data-element_type=\"column\">\n\t\t\t<div class=\"elementor-widget-wrap elementor-element-populated\">\n\t\t\t\t\t\t<div class=\"elementor-element elementor-element-ff04e59 elementor-position-left elementor-vertical-align-top elementor-widget elementor-widget-image-box\" data-id=\"ff04e59\" data-element_type=\"widget\" data-widget_type=\"image-box.default\">\n\t\t\t\t<div class=\"elementor-widget-container\">\n\t\t\t\t\t<div class=\"elementor-image-box-wrapper\"><figure class=\"elementor-image-box-img\"><a href=\"https:\/\/spfroubaix59.wixsite.com\/website\" target=\"_blank\" tabindex=\"-1\" rel=\"noopener\"><img fetchpriority=\"high\" decoding=\"async\" width=\"300\" height=\"250\" src=\"https:\/\/famous-solidarite.eu\/wp-content\/uploads\/2022\/11\/Famous_partenaires_SecoursPopulaire.jpg\" class=\"attachment-full size-full wp-image-130\" alt=\"Secours Populaire Fran\u00e7ais de Roubaix\" \/><\/a><\/figure><div class=\"elementor-image-box-content\"><h3 class=\"elementor-image-box-title\"><a href=\"https:\/\/spfroubaix59.wixsite.com\/website\" target=\"_blank\" rel=\"noopener\">Le Comit\u00e9 du Secours Populaire Fran\u00e7ais de Roubaix <\/a><\/h3><p class=\"elementor-image-box-description\">Din 2010, Comitetul Secours Populaire Fran\u00e7ais din Roubaix se ocup\u0103 de lupta \u00eempotriva s\u0103r\u0103ciei \u0219i a excluziunii: pe termen scurt, prin solidaritate de urgen\u021b\u0103 bazat\u0103 pe hran\u0103, \u00eembr\u0103c\u0103minte, orientare c\u0103tre o structur\u0103 de \u00eengrijire sau o locuin\u021b\u0103 de urgen\u021b\u0103; pe termen lung, prin sprijinirea persoanelor \u0219i familiilor \u00een demersurile \u0219i drepturile lor: acces la un venit, la locuin\u021b\u0103, la s\u0103n\u0103tate, la vacan\u021be, la cultur\u0103 \u0219i timp liber, la integrare profesional\u0103. Urgen\u021b\u0103 sau nu, respectul pentru demnitatea persoanelor ajutate este esen\u021bial pentru asocia\u021bie. Cei care doresc \u0219i sunt capabili s\u0103 fac\u0103 acest lucru devin voluntari, ceea ce reprezint\u0103 un pas important spre emancipare \u0219i integrare social\u0103.<\/p><\/div><\/div>\t\t\t\t<\/div>\n\t\t\t\t<\/div>\n\t\t\t\t<div class=\"elementor-element elementor-element-4d48aa3 elementor-position-left elementor-vertical-align-top elementor-widget elementor-widget-image-box\" data-id=\"4d48aa3\" data-element_type=\"widget\" data-widget_type=\"image-box.default\">\n\t\t\t\t<div class=\"elementor-widget-container\">\n\t\t\t\t\t<div class=\"elementor-image-box-wrapper\"><figure class=\"elementor-image-box-img\"><a href=\"https:\/\/www.pourlasolidarite.eu\/\" target=\"_blank\" tabindex=\"-1\" rel=\"noopener\"><img decoding=\"async\" width=\"300\" height=\"250\" src=\"https:\/\/famous-solidarite.eu\/wp-content\/uploads\/2022\/11\/Famous_partenaires_PLS.jpg\" class=\"attachment-full size-full wp-image-127\" alt=\"Pour la Solidarit\u00e9 - PLS\" \/><\/a><\/figure><div class=\"elementor-image-box-content\"><h3 class=\"elementor-image-box-title\"><a href=\"https:\/\/www.pourlasolidarite.eu\/\" target=\"_blank\" rel=\"noopener\">Pour la Solidarit\u00e9 - PLS<\/a><\/h3><p class=\"elementor-image-box-description\">Fondat \u00een 2002, POUR LA SOLIDARIT\u00c9-PLS este un grup european independent de reflec\u021bie \u0219i ac\u021biune, angajat \u00een favoarea unei Europe a solidarit\u0103\u021bii \u0219i a durabilit\u0103\u021bii. POUR LA SOLIDARIT\u00c9-PLS lucreaz\u0103 pentru a ap\u0103ra \u0219i consolida modelul social european, un echilibru subtil \u00eentre dezvoltarea economic\u0103 \u0219i justi\u021bia social\u0103.\n\n\nEchipa multicultural\u0103 \u0219i multidisciplinar\u0103 a POUR LA SOLIDARIT\u00c9-PLS, cu competen\u021be solide \u00een cercetare, consultan\u021b\u0103, coordonare de proiecte europene \u0219i organizare de evenimente, lucreaz\u0103 \u00een spa\u021biul public al\u0103turi de companii, autorit\u0103\u021bi publice \u0219i organiza\u021bii ale societ\u0103\u021bii civile, av\u00e2nd ca motto:\n\n\n\u00cen\u021belege\u021bi, conecta\u021bi \u0219i sprijini\u021bi pentru a ac\u021biona!\n<\/p><\/div><\/div>\t\t\t\t<\/div>\n\t\t\t\t<\/div>\n\t\t\t\t<div class=\"elementor-element elementor-element-bb81864 elementor-position-left elementor-vertical-align-top elementor-widget elementor-widget-image-box\" data-id=\"bb81864\" data-element_type=\"widget\" data-widget_type=\"image-box.default\">\n\t\t\t\t<div class=\"elementor-widget-container\">\n\t\t\t\t\t<div class=\"elementor-image-box-wrapper\"><figure class=\"elementor-image-box-img\"><a href=\"https:\/\/asociatiasteasm.ro\/\" target=\"_blank\" tabindex=\"-1\" rel=\"noopener\"><img decoding=\"async\" width=\"300\" height=\"250\" src=\"https:\/\/famous-solidarite.eu\/wp-content\/uploads\/2022\/11\/Famous_partenaires_STEA.jpg\" class=\"attachment-full size-full wp-image-133\" alt=\"Asociatia STEA\" \/><\/a><\/figure><div class=\"elementor-image-box-content\"><h3 class=\"elementor-image-box-title\"><a href=\"https:\/\/asociatiasteasm.ro\/\" target=\"_blank\" rel=\"noopener\">Asocia\u021bia Stea<\/a><\/h3><p class=\"elementor-image-box-description\">Stea este o asocia\u021bie rom\u00e2neasc\u0103 \u00eenfiin\u021bat\u0103 la Satu Mare \u00een 2004, care activeaz\u0103 \u00een sectorul socio-educa\u021bional pentru incluziunea educa\u021bional\u0103 \u0219i socio-profesional\u0103 a persoanelor aflate \u00een s\u0103r\u0103cie extrem\u0103, prin educa\u021bie non-formal\u0103 \u0219i sprijin social pentru accesul la drepturi. Stea dezvolt\u0103 o abordare sistemic\u0103 \u0219i intervine \u00een mod coordonat pe 6 axe principale: 1. asigurarea accesului la educa\u021bie incluziv\u0103 de calitate pentru copii \u0219i tineri; 2. sprijinirea dezvolt\u0103rii competen\u021belor \u0219i a capacit\u0103\u021bii de inser\u021bie profesional\u0103 a tinerilor \u0219i adul\u021bilor; 3. sprijinirea educa\u021biei pentru s\u0103n\u0103tate \u0219i promovarea accesului la servicii de s\u0103n\u0103tate; 4. sprijinirea educa\u021biei pentru s\u0103n\u0103tate \u0219i promovarea accesului la servicii de s\u0103n\u0103tate; 5. sprijinirea educa\u021biei pentru s\u0103n\u0103tate. 4. facilitarea accesului la servicii de baz\u0103 \u0219i sociale pentru persoanele vulnerabile, 5. mobilizarea comunit\u0103\u021bii pentru a rezolva problemele \u00eempreun\u0103, 6. dezvoltarea ac\u021biunilor de advocacy pentru nediscriminare \u0219i promovarea drepturilor copiilor \u0219i tinerilor marginaliza\u021bi.<br><\/p><\/div><\/div>\t\t\t\t<\/div>\n\t\t\t\t<\/div>\n\t\t\t\t<div class=\"elementor-element elementor-element-4884c56 elementor-position-left elementor-vertical-align-top elementor-widget elementor-widget-image-box\" data-id=\"4884c56\" data-element_type=\"widget\" data-widget_type=\"image-box.default\">\n\t\t\t\t<div class=\"elementor-widget-container\">\n\t\t\t\t\t<div class=\"elementor-image-box-wrapper\"><figure class=\"elementor-image-box-img\"><a href=\"https:\/\/u-paris.fr\/\" target=\"_blank\" tabindex=\"-1\" rel=\"noopener\"><img loading=\"lazy\" decoding=\"async\" width=\"300\" height=\"250\" src=\"https:\/\/famous-solidarite.eu\/wp-content\/uploads\/2022\/11\/Famous_partenaires_UniversiteParis.jpg\" class=\"attachment-full size-full wp-image-136\" alt=\"Universit\u00e9 de Paris\" \/><\/a><\/figure><div class=\"elementor-image-box-content\"><h3 class=\"elementor-image-box-title\"><a href=\"https:\/\/u-paris.fr\/\" target=\"_blank\" rel=\"noopener\">Universit\u00e9 Paris Cit\u00e9<\/a><\/h3><p class=\"elementor-image-box-description\">Universit\u00e9 Paris Cit\u00e9 este o universitate cu o intens\u0103 activitate de cercetare care contribuie la for\u021ba \u0219tiin\u021bific\u0103 \u0219i european\u0103 a Fran\u021bei \u0219i la economia na\u021bional\u0103.\nputerea \u0219tiin\u021bific\u0103 a Fran\u021bei \u0219i a Europei \u0219i la economia na\u021bional\u0103. Universitatea Paris Cit\u00e9\ng\u0103zduie\u0219te 119 unit\u0103\u021bi de cercetare \u0219i se afl\u0103 pe locul 78 \u00een topul universit\u0103\u021bilor din lume \u00een clasamentul\nuniversit\u0103\u021bi \u00een clasamentul de la Shanghai. \u00cen sf\u00e2r\u0219it, Universit\u00e9 Paris Cit\u00e9 este o universitate interna\u021bional\u0103\nuniversitate interna\u021bional\u0103 care face parte din spa\u021biul european al \u00eenv\u0103\u021b\u0103m\u00e2ntului superior \u0219i al cercet\u0103rii.\n\u0219i de cercetare. Este un participant activ la programul Erasmus \u0219i la Orizont 2020. Este un\nmembru fondator al universit\u0103\u021bii europene \"Circle U\".\n<\/p><\/div><\/div>\t\t\t\t<\/div>\n\t\t\t\t<\/div>\n\t\t\t\t<div class=\"elementor-element elementor-element-7e72948 elementor-position-left elementor-vertical-align-top elementor-widget elementor-widget-image-box\" data-id=\"7e72948\" data-element_type=\"widget\" data-widget_type=\"image-box.default\">\n\t\t\t\t<div class=\"elementor-widget-container\">\n\t\t\t\t\t<div class=\"elementor-image-box-wrapper\"><figure class=\"elementor-image-box-img\"><a href=\"http:\/\/www.coopesia.com\/\" target=\"_blank\" tabindex=\"-1\" rel=\"noopener\"><img loading=\"lazy\" decoding=\"async\" width=\"300\" height=\"250\" src=\"https:\/\/famous-solidarite.eu\/wp-content\/uploads\/2022\/11\/Famous_partenaires_Coopesia.jpg\" class=\"attachment-full size-full wp-image-124\" alt=\"Coop\u00e9sia\" \/><\/a><\/figure><div class=\"elementor-image-box-content\"><h3 class=\"elementor-image-box-title\"><a href=\"http:\/\/www.coopesia.com\/\" target=\"_blank\" rel=\"noopener\">Coop\u00e9sia, h\u00e9berg\u00e9e par la coop\u00e9rative Bor\u00e9al innovation<\/a><\/h3><p class=\"elementor-image-box-description\">Coop\u00e9sia este o cooperativ\u0103 \u00eenfiin\u021bat\u0103 \u00een 2020 pentru a sprijini transformarea strategiilor de inovare social\u0103, realizate de sectorul public sau de asocia\u021bii.\n\n\nAc\u021biunea sa se bazeaz\u0103 pe convingerea c\u0103 inova\u021biile sociale, bazate pe cooperare \u0219i inteligen\u021b\u0103 colectiv\u0103, permit adaptarea interven\u021biilor sociale la nevoile persoanelor aflate \u00een situa\u021bii precare. Se spune c\u0103 inova\u021biile sociale pe care le \u00eenso\u021bim \u00een desf\u0103\u0219urarea lor sunt \"puse \u00een valoare\" prin contribu\u021bia viziunii \u0219i energiei noastre \u00een serviciul nevoilor publicului, prin obstacolele identificate \u00een calea desf\u0103\u0219ur\u0103rii lor \u0219i prin p\u00e2rghiile care trebuie activate colectiv pentru a le elibera.  \n\n<\/p><\/div><\/div>\t\t\t\t<\/div>\n\t\t\t\t<\/div>\n\t\t\t\t\t<\/div>\n\t\t<\/div>\n\t\t\t\t\t<\/div>\n\t\t<\/section>\n\t\t\t\t<\/div>\n\t\t","protected":false},"excerpt":{"rendered":"<p>Partenerii de proiect FAMOUS Le Comit\u00e9 du Secours Populaire Fran\u00e7ais de Roubaix Din 2010, Comitetul Secours Populaire Fran\u00e7ais din Roubaix se ocup\u0103 de lupta \u00eempotriva s\u0103r\u0103ciei \u0219i a excluziunii: pe termen scurt, prin solidaritate de urgen\u021b\u0103 bazat\u0103 pe hran\u0103, \u00eembr\u0103c\u0103minte, orientare c\u0103tre o structur\u0103 de \u00eengrijire sau o locuin\u021b\u0103 de urgen\u021b\u0103; pe termen lung, prin [&hellip;]<\/p>\n","protected":false},"author":1,"featured_media":0,"parent":0,"menu_order":0,"comment_status":"closed","ping_status":"closed","template":"","meta":{"footnotes":""},"class_list":["post-637","page","type-page","status-publish","hentry"],"rankMath":{"parentDomain":"famous-solidarite.eu","noFollowDomains":[],"noFollowExcludeDomains":[],"noFollowExternalLinks":false,"featuredImageNotice":"Imaginea reprezentativ\u0103 ar trebui s\u0103 fie de cel pu\u021bin 200 x 200 pixeli pentru a fi preluat\u0103 de Facebook \u0219i de alte re\u021bele de socializare.","pluginReviewed":false,"postSettings":{"linkSuggestions":true,"useFocusKeyword":false},"frontEndScore":false,"postName":"partenaires","permalinkFormat":"https:\/\/famous-solidarite.eu\/ro\/%pagename%\/","showLockModifiedDate":true,"assessor":{"focusKeywordLink":"https:\/\/famous-solidarite.eu\/wp-admin\/edit.php?focus_keyword=%focus_keyword%&post_type=%post_type%","hasTOCPlugin":true,"primaryTaxonomy":false,"serpData":{"title":"","description":"","focusKeywords":"","pillarContent":false,"canonicalUrl":"","breadcrumbTitle":"","advancedRobots":[],"facebookTitle":"","facebookDescription":"","facebookImage":"","facebookImageID":"","facebookHasOverlay":false,"facebookImageOverlay":"","facebookAuthor":"","twitterCardType":"","twitterUseFacebook":true,"twitterTitle":"","twitterDescription":"","twitterImage":"","twitterImageID":"","twitterHasOverlay":false,"twitterImageOverlay":"","twitterPlayerUrl":"","twitterPlayerSize":"","twitterPlayerStream":"","twitterPlayerStreamCtype":"","twitterAppDescription":"","twitterAppIphoneName":"","twitterAppIphoneID":"","twitterAppIphoneUrl":"","twitterAppIpadName":"","twitterAppIpadID":"","twitterAppIpadUrl":"","twitterAppGoogleplayName":"","twitterAppGoogleplayID":"","twitterAppGoogleplayUrl":"","twitterAppCountry":"","robots":{"index":true},"twitterAuthor":"nume utilizator","primaryTerm":0,"authorName":"famous@admin","titleTemplate":"%title% %sep% %sitename%","descriptionTemplate":"%excerpt%","showScoreFrontend":true,"lockModifiedDate":false},"powerWords":[],"diacritics":{"A":"[\\u0041\\u24B6\\uFF21\\u00C0\\u00C1\\u00C2\\u1EA6\\u1EA4\\u1EAA\\u1EA8\\u00C3\\u0100\\u0102\\u1EB0\\u1EAE\\u1EB4\\u1EB2\\u0226\\u01E0\\u00C4\\u01DE\\u1EA2\\u00C5\\u01FA\\u01CD\\u0200\\u0202\\u1EA0\\u1EAC\\u1EB6\\u1E00\\u0104\\u023A\\u2C6F]","AA":"[\\uA732]","AE":"[\\u00C6\\u01FC\\u01E2]","AO":"[\\uA734]","AU":"[\\uA736]","AV":"[\\uA738\\uA73A]","AY":"[\\uA73C]","B":"[\\u0042\\u24B7\\uFF22\\u1E02\\u1E04\\u1E06\\u0243\\u0182\\u0181]","C":"[\\u0043\\u24B8\\uFF23\\u0106\\u0108\\u010A\\u010C\\u00C7\\u1E08\\u0187\\u023B\\uA73E]","D":"[\\u0044\\u24B9\\uFF24\\u1E0A\\u010E\\u1E0C\\u1E10\\u1E12\\u1E0E\\u0110\\u018B\\u018A\\u0189\\uA779]","DZ":"[\\u01F1\\u01C4]","Dz":"[\\u01F2\\u01C5]","E":"[\\u0045\\u24BA\\uFF25\\u00C8\\u00C9\\u00CA\\u1EC0\\u1EBE\\u1EC4\\u1EC2\\u1EBC\\u0112\\u1E14\\u1E16\\u0114\\u0116\\u00CB\\u1EBA\\u011A\\u0204\\u0206\\u1EB8\\u1EC6\\u0228\\u1E1C\\u0118\\u1E18\\u1E1A\\u0190\\u018E]","F":"[\\u0046\\u24BB\\uFF26\\u1E1E\\u0191\\uA77B]","G":"[\\u0047\\u24BC\\uFF27\\u01F4\\u011C\\u1E20\\u011E\\u0120\\u01E6\\u0122\\u01E4\\u0193\\uA7A0\\uA77D\\uA77E]","H":"[\\u0048\\u24BD\\uFF28\\u0124\\u1E22\\u1E26\\u021E\\u1E24\\u1E28\\u1E2A\\u0126\\u2C67\\u2C75\\uA78D]","I":"[\\u0049\\u24BE\\uFF29\\u00CC\\u00CD\\u00CE\\u0128\\u012A\\u012C\\u0130\\u00CF\\u1E2E\\u1EC8\\u01CF\\u0208\\u020A\\u1ECA\\u012E\\u1E2C\\u0197]","J":"[\\u004A\\u24BF\\uFF2A\\u0134\\u0248]","K":"[\\u004B\\u24C0\\uFF2B\\u1E30\\u01E8\\u1E32\\u0136\\u1E34\\u0198\\u2C69\\uA740\\uA742\\uA744\\uA7A2]","L":"[\\u004C\\u24C1\\uFF2C\\u013F\\u0139\\u013D\\u1E36\\u1E38\\u013B\\u1E3C\\u1E3A\\u0141\\u023D\\u2C62\\u2C60\\uA748\\uA746\\uA780]","LJ":"[\\u01C7]","Lj":"[\\u01C8]","M":"[\\u004D\\u24C2\\uFF2D\\u1E3E\\u1E40\\u1E42\\u2C6E\\u019C]","N":"[\\u004E\\u24C3\\uFF2E\\u01F8\\u0143\\u00D1\\u1E44\\u0147\\u1E46\\u0145\\u1E4A\\u1E48\\u0220\\u019D\\uA790\\uA7A4]","NJ":"[\\u01CA]","Nj":"[\\u01CB]","O":"[\\u004F\\u24C4\\uFF2F\\u00D2\\u00D3\\u00D4\\u1ED2\\u1ED0\\u1ED6\\u1ED4\\u00D5\\u1E4C\\u022C\\u1E4E\\u014C\\u1E50\\u1E52\\u014E\\u022E\\u0230\\u00D6\\u022A\\u1ECE\\u0150\\u01D1\\u020C\\u020E\\u01A0\\u1EDC\\u1EDA\\u1EE0\\u1EDE\\u1EE2\\u1ECC\\u1ED8\\u01EA\\u01EC\\u00D8\\u01FE\\u0186\\u019F\\uA74A\\uA74C]","OI":"[\\u01A2]","OO":"[\\uA74E]","OU":"[\\u0222]","P":"[\\u0050\\u24C5\\uFF30\\u1E54\\u1E56\\u01A4\\u2C63\\uA750\\uA752\\uA754]","Q":"[\\u0051\\u24C6\\uFF31\\uA756\\uA758\\u024A]","R":"[\\u0052\\u24C7\\uFF32\\u0154\\u1E58\\u0158\\u0210\\u0212\\u1E5A\\u1E5C\\u0156\\u1E5E\\u024C\\u2C64\\uA75A\\uA7A6\\uA782]","S":"[\\u0053\\u24C8\\uFF33\\u1E9E\\u015A\\u1E64\\u015C\\u1E60\\u0160\\u1E66\\u1E62\\u1E68\\u0218\\u015E\\u2C7E\\uA7A8\\uA784]","T":"[\\u0054\\u24C9\\uFF34\\u1E6A\\u0164\\u1E6C\\u021A\\u0162\\u1E70\\u1E6E\\u0166\\u01AC\\u01AE\\u023E\\uA786]","TZ":"[\\uA728]","U":"[\\u0055\\u24CA\\uFF35\\u00D9\\u00DA\\u00DB\\u0168\\u1E78\\u016A\\u1E7A\\u016C\\u00DC\\u01DB\\u01D7\\u01D5\\u01D9\\u1EE6\\u016E\\u0170\\u01D3\\u0214\\u0216\\u01AF\\u1EEA\\u1EE8\\u1EEE\\u1EEC\\u1EF0\\u1EE4\\u1E72\\u0172\\u1E76\\u1E74\\u0244]","V":"[\\u0056\\u24CB\\uFF36\\u1E7C\\u1E7E\\u01B2\\uA75E\\u0245]","VY":"[\\uA760]","W":"[\\u0057\\u24CC\\uFF37\\u1E80\\u1E82\\u0174\\u1E86\\u1E84\\u1E88\\u2C72]","X":"[\\u0058\\u24CD\\uFF38\\u1E8A\\u1E8C]","Y":"[\\u0059\\u24CE\\uFF39\\u1EF2\\u00DD\\u0176\\u1EF8\\u0232\\u1E8E\\u0178\\u1EF6\\u1EF4\\u01B3\\u024E\\u1EFE]","Z":"[\\u005A\\u24CF\\uFF3A\\u0179\\u1E90\\u017B\\u017D\\u1E92\\u1E94\\u01B5\\u0224\\u2C7F\\u2C6B\\uA762]","a":"[\\u0061\\u24D0\\uFF41\\u1E9A\\u00E0\\u00E1\\u00E2\\u1EA7\\u1EA5\\u1EAB\\u1EA9\\u00E3\\u0101\\u0103\\u1EB1\\u1EAF\\u1EB5\\u1EB3\\u0227\\u01E1\\u00E4\\u01DF\\u1EA3\\u00E5\\u01FB\\u01CE\\u0201\\u0203\\u1EA1\\u1EAD\\u1EB7\\u1E01\\u0105\\u2C65\\u0250]","aa":"[\\uA733]","ae":"[\\u00E6\\u01FD\\u01E3]","ao":"[\\uA735]","au":"[\\uA737]","av":"[\\uA739\\uA73B]","ay":"[\\uA73D]","b":"[\\u0062\\u24D1\\uFF42\\u1E03\\u1E05\\u1E07\\u0180\\u0183\\u0253]","c":"[\\u0063\\u24D2\\uFF43\\u0107\\u0109\\u010B\\u010D\\u00E7\\u1E09\\u0188\\u023C\\uA73F\\u2184]","d":"[\\u0064\\u24D3\\uFF44\\u1E0B\\u010F\\u1E0D\\u1E11\\u1E13\\u1E0F\\u0111\\u018C\\u0256\\u0257\\uA77A]","dz":"[\\u01F3\\u01C6]","e":"[\\u0065\\u24D4\\uFF45\\u00E8\\u00E9\\u00EA\\u1EC1\\u1EBF\\u1EC5\\u1EC3\\u1EBD\\u0113\\u1E15\\u1E17\\u0115\\u0117\\u00EB\\u1EBB\\u011B\\u0205\\u0207\\u1EB9\\u1EC7\\u0229\\u1E1D\\u0119\\u1E19\\u1E1B\\u0247\\u025B\\u01DD]","f":"[\\u0066\\u24D5\\uFF46\\u1E1F\\u0192\\uA77C]","g":"[\\u0067\\u24D6\\uFF47\\u01F5\\u011D\\u1E21\\u011F\\u0121\\u01E7\\u0123\\u01E5\\u0260\\uA7A1\\u1D79\\uA77F]","h":"[\\u0068\\u24D7\\uFF48\\u0125\\u1E23\\u1E27\\u021F\\u1E25\\u1E29\\u1E2B\\u1E96\\u0127\\u2C68\\u2C76\\u0265]","hv":"[\\u0195]","i":"[\\u0069\\u24D8\\uFF49\\u00EC\\u00ED\\u00EE\\u0129\\u012B\\u012D\\u00EF\\u1E2F\\u1EC9\\u01D0\\u0209\\u020B\\u1ECB\\u012F\\u1E2D\\u0268\\u0131]","j":"[\\u006A\\u24D9\\uFF4A\\u0135\\u01F0\\u0249]","k":"[\\u006B\\u24DA\\uFF4B\\u1E31\\u01E9\\u1E33\\u0137\\u1E35\\u0199\\u2C6A\\uA741\\uA743\\uA745\\uA7A3]","l":"[\\u006C\\u24DB\\uFF4C\\u0140\\u013A\\u013E\\u1E37\\u1E39\\u013C\\u1E3D\\u1E3B\\u017F\\u0142\\u019A\\u026B\\u2C61\\uA749\\uA781\\uA747]","lj":"[\\u01C9]","m":"[\\u006D\\u24DC\\uFF4D\\u1E3F\\u1E41\\u1E43\\u0271\\u026F]","n":"[\\u006E\\u24DD\\uFF4E\\u01F9\\u0144\\u00F1\\u1E45\\u0148\\u1E47\\u0146\\u1E4B\\u1E49\\u019E\\u0272\\u0149\\uA791\\uA7A5]","nj":"[\\u01CC]","o":"[\\u006F\\u24DE\\uFF4F\\u00F2\\u00F3\\u00F4\\u1ED3\\u1ED1\\u1ED7\\u1ED5\\u00F5\\u1E4D\\u022D\\u1E4F\\u014D\\u1E51\\u1E53\\u014F\\u022F\\u0231\\u00F6\\u022B\\u1ECF\\u0151\\u01D2\\u020D\\u020F\\u01A1\\u1EDD\\u1EDB\\u1EE1\\u1EDF\\u1EE3\\u1ECD\\u1ED9\\u01EB\\u01ED\\u00F8\\u01FF\\u0254\\uA74B\\uA74D\\u0275]","oi":"[\\u01A3]","ou":"[\\u0223]","oo":"[\\uA74F]","p":"[\\u0070\\u24DF\\uFF50\\u1E55\\u1E57\\u01A5\\u1D7D\\uA751\\uA753\\uA755]","q":"[\\u0071\\u24E0\\uFF51\\u024B\\uA757\\uA759]","r":"[\\u0072\\u24E1\\uFF52\\u0155\\u1E59\\u0159\\u0211\\u0213\\u1E5B\\u1E5D\\u0157\\u1E5F\\u024D\\u027D\\uA75B\\uA7A7\\uA783]","s":"[\\u0073\\u24E2\\uFF53\\u015B\\u1E65\\u015D\\u1E61\\u0161\\u1E67\\u1E63\\u1E69\\u0219\\u015F\\u023F\\uA7A9\\uA785\\u1E9B]","ss":"[\\u00DF]","t":"[\\u0074\\u24E3\\uFF54\\u1E6B\\u1E97\\u0165\\u1E6D\\u021B\\u0163\\u1E71\\u1E6F\\u0167\\u01AD\\u0288\\u2C66\\uA787]","tz":"[\\uA729]","u":"[\\u0075\\u24E4\\uFF55\\u00F9\\u00FA\\u00FB\\u0169\\u1E79\\u016B\\u1E7B\\u016D\\u00FC\\u01DC\\u01D8\\u01D6\\u01DA\\u1EE7\\u016F\\u0171\\u01D4\\u0215\\u0217\\u01B0\\u1EEB\\u1EE9\\u1EEF\\u1EED\\u1EF1\\u1EE5\\u1E73\\u0173\\u1E77\\u1E75\\u0289]","v":"[\\u0076\\u24E5\\uFF56\\u1E7D\\u1E7F\\u028B\\uA75F\\u028C]","vy":"[\\uA761]","w":"[\\u0077\\u24E6\\uFF57\\u1E81\\u1E83\\u0175\\u1E87\\u1E85\\u1E98\\u1E89\\u2C73]","x":"[\\u0078\\u24E7\\uFF58\\u1E8B\\u1E8D]","y":"[\\u0079\\u24E8\\uFF59\\u1EF3\\u00FD\\u0177\\u1EF9\\u0233\\u1E8F\\u00FF\\u1EF7\\u1E99\\u1EF5\\u01B4\\u024F\\u1EFF]","z":"[\\u007A\\u24E9\\uFF5A\\u017A\\u1E91\\u017C\\u017E\\u1E93\\u1E95\\u01B6\\u0225\\u0240\\u2C6C\\uA763]"},"researchesTests":["contentHasTOC","contentHasShortParagraphs","contentHasAssets","keywordInTitle","keywordInMetaDescription","keywordInPermalink","keywordIn10Percent","keywordInContent","keywordInSubheadings","keywordInImageAlt","keywordDensity","keywordNotUsed","lengthContent","lengthPermalink","linksHasInternal","linksHasExternals","linksNotAllExternals","titleStartWithKeyword","titleSentiment","titleHasPowerWords","titleHasNumber","hasContentAI"],"hasRedirection":false,"hasBreadcrumb":false},"homeUrl":"https:\/\/famous-solidarite.eu\/ro\/","objectID":637,"objectType":"post","locale":"ro","localeFull":"ro_RO","overlayImages":{"play":{"name":"Icon redare","url":"https:\/\/famous-solidarite.eu\/wp-content\/plugins\/seo-by-rank-math\/assets\/admin\/img\/icon-play.png","path":"\/home\/clients\/852d5b7c6bade280b4f7ffccfde993c0\/sites\/famous-solidarite.eu\/wp-content\/plugins\/seo-by-rank-math\/assets\/admin\/img\/icon-play.png","position":"middle_center"},"gif":{"name":"Icon GIF","url":"https:\/\/famous-solidarite.eu\/wp-content\/plugins\/seo-by-rank-math\/assets\/admin\/img\/icon-gif.png","path":"\/home\/clients\/852d5b7c6bade280b4f7ffccfde993c0\/sites\/famous-solidarite.eu\/wp-content\/plugins\/seo-by-rank-math\/assets\/admin\/img\/icon-gif.png","position":"middle_center"}},"defautOgImage":"https:\/\/famous-solidarite.eu\/wp-content\/plugins\/seo-by-rank-math\/assets\/admin\/img\/social-placeholder.jpg","customPermalinks":true,"isUserRegistered":true,"autoSuggestKeywords":true,"connectSiteUrl":"https:\/\/rankmath.com\/auth?site=https%3A%2F%2Ffamous-solidarite.eu%2Fro%2F&r=https%3A%2F%2Ffamous-solidarite.eu%2Fro%2Fwp-json%2Fwp%2Fv2%2Fpages%2F637%3Fnonce%3D586a20b35c","maxTags":5,"trendsIcon":"<svg viewBox=\"0 0 610 610\"><path d=\"M18.85,446,174.32,290.48l58.08,58.08L76.93,504a14.54,14.54,0,0,1-20.55,0L18.83,466.48a14.54,14.54,0,0,1,0-20.55Z\" style=\"fill:#4285f4\"\/><path d=\"M242.65,242.66,377.59,377.6l-47.75,47.75a14.54,14.54,0,0,1-20.55,0L174.37,290.43l47.75-47.75A14.52,14.52,0,0,1,242.65,242.66Z\" style=\"fill:#ea4335\"\/><polygon points=\"319.53 319.53 479.26 159.8 537.34 217.88 377.61 377.62 319.53 319.53\" style=\"fill:#fabb05\"\/><path d=\"M594.26,262.73V118.61h0a16.94,16.94,0,0,0-16.94-16.94H433.2a16.94,16.94,0,0,0-12,28.92L565.34,274.71h0a16.94,16.94,0,0,0,28.92-12Z\" style=\"fill:#34a853\"\/><rect width=\"610\" height=\"610\" style=\"fill:none\"\/><\/svg>","showScore":true,"siteFavIcon":"https:\/\/famous-solidarite.eu\/wp-content\/uploads\/2022\/11\/cropped-Icon_Famous-32x32.png","canUser":{"general":false,"advanced":false,"snippet":false,"social":false,"analysis":false,"analytics":false,"content_ai":false},"showKeywordIntent":true,"isPro":false,"is_front_page":false,"trendsUpgradeLink":"https:\/\/rankmath.com\/pricing\/?utm_source=Plugin&utm_medium=CE%20General%20Tab%20Trends&utm_campaign=WP","trendsUpgradeLabel":"Actualizeaz\u0103","trendsPreviewImage":"https:\/\/famous-solidarite.eu\/wp-content\/plugins\/seo-by-rank-math\/assets\/admin\/img\/trends-preview.jpg","currentEditor":false,"homepageData":{"assessor":{"powerWords":[],"diacritics":true,"researchesTests":["contentHasTOC","contentHasShortParagraphs","contentHasAssets","keywordInTitle","keywordInMetaDescription","keywordInPermalink","keywordIn10Percent","keywordInContent","keywordInSubheadings","keywordInImageAlt","keywordDensity","keywordNotUsed","lengthContent","lengthPermalink","linksHasInternal","linksHasExternals","linksNotAllExternals","titleStartWithKeyword","titleSentiment","titleHasPowerWords","titleHasNumber","hasContentAI"],"hasBreadcrumb":false,"serpData":{"title":"%sitename% %page% %sep% %sitedesc%","description":"","titleTemplate":"%sitename% %page% %sep% %sitedesc%","descriptionTemplate":"","focusKeywords":"","breadcrumbTitle":"Home","robots":{"index":true},"advancedRobots":[],"facebookTitle":"","facebookDescription":"","facebookImage":"","facebookImageID":""}}},"tocTitle":"Table of Contents","tocExcludeHeadings":[],"listStyle":"ul"},"_links":{"self":[{"href":"https:\/\/famous-solidarite.eu\/ro\/wp-json\/wp\/v2\/pages\/637","targetHints":{"allow":["GET"]}}],"collection":[{"href":"https:\/\/famous-solidarite.eu\/ro\/wp-json\/wp\/v2\/pages"}],"about":[{"href":"https:\/\/famous-solidarite.eu\/ro\/wp-json\/wp\/v2\/types\/page"}],"author":[{"embeddable":true,"href":"https:\/\/famous-solidarite.eu\/ro\/wp-json\/wp\/v2\/users\/1"}],"replies":[{"embeddable":true,"href":"https:\/\/famous-solidarite.eu\/ro\/wp-json\/wp\/v2\/comments?post=637"}],"version-history":[{"count":15,"href":"https:\/\/famous-solidarite.eu\/ro\/wp-json\/wp\/v2\/pages\/637\/revisions"}],"predecessor-version":[{"id":934,"href":"https:\/\/famous-solidarite.eu\/ro\/wp-json\/wp\/v2\/pages\/637\/revisions\/934"}],"wp:attachment":[{"href":"https:\/\/famous-solidarite.eu\/ro\/wp-json\/wp\/v2\/media?parent=637"}],"curies":[{"name":"wp","href":"https:\/\/api.w.org\/{rel}","templated":true}]}}