{"id":814,"date":"2023-03-23T11:46:49","date_gmt":"2023-03-23T10:46:49","guid":{"rendered":"https:\/\/famous-solidarite.eu\/cookies\/"},"modified":"2023-03-23T12:06:07","modified_gmt":"2023-03-23T11:06:07","slug":"cookies","status":"publish","type":"page","link":"https:\/\/famous-solidarite.eu\/ro\/cookies\/","title":{"rendered":"Cookies"},"content":{"rendered":"\t\t<div data-elementor-type=\"wp-page\" data-elementor-id=\"814\" class=\"elementor elementor-814 elementor-786\" data-elementor-post-type=\"page\">\n\t\t\t\t\t\t<section class=\"elementor-section elementor-top-section elementor-element elementor-element-a79c067 elementor-section-height-min-height elementor-section-items-bottom elementor-section-boxed elementor-section-height-default\" data-id=\"a79c067\" data-element_type=\"section\" data-e-type=\"section\" data-settings=\"{&quot;background_background&quot;:&quot;classic&quot;}\">\n\t\t\t\t\t\t<div class=\"elementor-container elementor-column-gap-default\">\n\t\t\t\t\t<div class=\"elementor-column elementor-col-100 elementor-top-column elementor-element elementor-element-ed49144\" data-id=\"ed49144\" data-element_type=\"column\" data-e-type=\"column\">\n\t\t\t<div class=\"elementor-widget-wrap elementor-element-populated\">\n\t\t\t\t\t\t<div class=\"elementor-element elementor-element-554bb63 elementor-widget elementor-widget-heading\" data-id=\"554bb63\" data-element_type=\"widget\" data-e-type=\"widget\" data-widget_type=\"heading.default\">\n\t\t\t\t<div class=\"elementor-widget-container\">\n\t\t\t\t\t<h1 class=\"elementor-heading-title elementor-size-default\">Despre cookie-uri<\/h1>\t\t\t\t<\/div>\n\t\t\t\t<\/div>\n\t\t\t\t\t<\/div>\n\t\t<\/div>\n\t\t\t\t\t<\/div>\n\t\t<\/section>\n\t\t\t\t<section class=\"elementor-section elementor-top-section elementor-element elementor-element-56404af6 elementor-section-boxed elementor-section-height-default elementor-section-height-default\" data-id=\"56404af6\" data-element_type=\"section\" data-e-type=\"section\">\n\t\t\t\t\t\t<div class=\"elementor-container elementor-column-gap-default\">\n\t\t\t\t\t<div class=\"elementor-column elementor-col-100 elementor-top-column elementor-element elementor-element-4128304d\" data-id=\"4128304d\" data-element_type=\"column\" data-e-type=\"column\">\n\t\t\t<div class=\"elementor-widget-wrap elementor-element-populated\">\n\t\t\t\t\t\t<div class=\"elementor-element elementor-element-474aac2c elementor-widget elementor-widget-text-editor\" data-id=\"474aac2c\" data-element_type=\"widget\" data-e-type=\"widget\" data-widget_type=\"text-editor.default\">\n\t\t\t\t<div class=\"elementor-widget-container\">\n\t\t\t\t\t\t\t\t\t<p>Data intr\u0103rii \u00een vigoare: 23-Mar-2023<br \/>Ultima actualizare: 23-Mar-2023<\/p><h3>Ce este un cookie?<\/h3><div class=\"cookie-policy-p\"><p>Aceast\u0103 politic\u0103 privind cookie-urile explic\u0103 ce sunt cookie-urile \u0219i cum le folosim, tipurile de cookie-uri pe care le folosim, adic\u0103 informa\u021biile pe care le colect\u0103m cu ajutorul cookie-urilor \u0219i modul \u00een care sunt folosite aceste informa\u021bii, precum \u0219i modul de gestionare a set\u0103rilor cookie-urilor.<\/p><p>Cookie-urile sunt fi\u0219iere text de mici dimensiuni utilizate pentru a stoca mici p\u0103r\u021bi de informa\u021bii. Acestea sunt stocate pe dispozitivul dvs. atunci c\u00e2nd site-ul web este \u00eenc\u0103rcat pe browserul dvs. Aceste module cookie ne ajut\u0103 s\u0103 facem ca site-ul web s\u0103 func\u021bioneze corect, s\u0103 \u00eel facem mai sigur, s\u0103 oferim o experien\u021b\u0103 mai bun\u0103 pentru utilizator, s\u0103 \u00een\u021belegem cum func\u021bioneaz\u0103 site-ul web \u0219i s\u0103 analiz\u0103m ce func\u021bioneaz\u0103 \u0219i ce trebuie \u00eembun\u0103t\u0103\u021bit.<\/p><\/div><h3>Cum folosim cookie-urile?<\/h3><div class=\"cookie-policy-p\"><p>La fel ca majoritatea serviciilor online, site-ul nostru utilizeaz\u0103 cookie-uri de la prima parte \u0219i de la ter\u021be p\u0103r\u021bi \u00een mai multe scopuri. Cookie-urile de prima parte sunt \u00een primul r\u00e2nd necesare pentru ca site-ul web s\u0103 func\u021bioneze corect \u0219i nu colecteaz\u0103 informa\u021bii personale identificabile despre dumneavoastr\u0103.<\/p><p>Cookie-urile ter\u021be utilizate pe site-ul nostru web sunt folosite \u00een principal pentru a \u00een\u021belege modul \u00een care func\u021bioneaz\u0103 site-ul web, modul \u00een care interac\u021biona\u021bi cu site-ul nostru web, pentru a asigura securitatea serviciilor noastre, pentru a oferi reclame relevante pentru dvs. \u0219i, \u00een ansamblu, pentru a v\u0103 oferi o experien\u021b\u0103 de utilizare mai bun\u0103 \u0219i \u00eembun\u0103t\u0103\u021bit\u0103 \u0219i pentru a accelera interac\u021biunile dvs. viitoare cu site-ul nostru web.<\/p><\/div><h3>Tipuri de cookie-uri pe care le folosim<\/h3><div class=\"cky-audit-table-element\">\u00a0<\/div><h3 style=\"margin-bottom: 20px;\">Gestiona\u021bi preferin\u021bele privind cookie-urile<\/h3><p><a class=\"cky-banner-element\">Set\u0103ri cookie<\/a><\/p><p>V\u0103 pute\u021bi modifica preferin\u021bele privind cookie-urile \u00een orice moment, f\u0103c\u00e2nd clic pe butonul de mai sus. Acest lucru v\u0103 va permite s\u0103 reveni\u021bi la bannerul de consim\u021b\u0103m\u00e2nt privind cookie-urile \u0219i s\u0103 v\u0103 modifica\u021bi preferin\u021bele sau s\u0103 v\u0103 retrage\u021bi imediat consim\u021b\u0103m\u00e2ntul.<\/p><p>\u00cen plus, browserele ofer\u0103 diferite metode de blocare \u0219i \u0219tergere a modulelor cookie utilizate de site-urile web. Pute\u021bi modifica set\u0103rile browserului dvs. pentru a bloca\/\u0219terge cookie-urile. Mai jos g\u0103si\u021bi linkuri c\u0103tre documentele de asisten\u021b\u0103 pentru gestionarea \u0219i \u0219tergerea modulelor cookie pentru principalele browsere web.<\/p><p>Chrome: https:\/\/support.google.com\/accounts\/answer\/32050<\/p><p>Safari: https:\/\/support.apple.com\/en-in\/guide\/safari\/sfri11471\/mac<\/p><p>Firefox: https:\/\/support.mozilla.org\/en-US\/kb\/clear-cookies-and-site-data-firefox?redirectslug=delete-cookies-remove-info-websites-stored&amp;redirectlocale=en-US<\/p><p>Internet Explorer: https:\/\/support.microsoft.com\/en-us\/topic\/how-to-delete-cookie-files-in-internet-explorer-bca9446f-d873-78de-77ba-d42645fa52fc<\/p><p>Dac\u0103 utiliza\u021bi un alt browser web, consulta\u021bi documentele oficiale de asisten\u021b\u0103 pentru browserul dumneavoastr\u0103.<\/p>\t\t\t\t\t\t\t\t<\/div>\n\t\t\t\t<\/div>\n\t\t\t\t\t<\/div>\n\t\t<\/div>\n\t\t\t\t\t<\/div>\n\t\t<\/section>\n\t\t\t\t<\/div>\n\t\t","protected":false},"excerpt":{"rendered":"<p>Despre cookie-uri Data intr\u0103rii \u00een vigoare: 23-Mar-2023Ultima actualizare: 23-Mar-2023 Ce este un cookie? Aceast\u0103 politic\u0103 privind cookie-urile explic\u0103 ce sunt cookie-urile \u0219i cum le folosim, tipurile de cookie-uri pe care le folosim, adic\u0103 informa\u021biile pe care le colect\u0103m cu ajutorul cookie-urilor \u0219i modul \u00een care sunt folosite aceste informa\u021bii, precum \u0219i modul de gestionare a [&hellip;]<\/p>\n","protected":false},"author":1,"featured_media":0,"parent":0,"menu_order":0,"comment_status":"closed","ping_status":"closed","template":"","meta":{"footnotes":""},"class_list":["post-814","page","type-page","status-publish","hentry"],"_links":{"self":[{"href":"https:\/\/famous-solidarite.eu\/ro\/wp-json\/wp\/v2\/pages\/814","targetHints":{"allow":["GET"]}}],"collection":[{"href":"https:\/\/famous-solidarite.eu\/ro\/wp-json\/wp\/v2\/pages"}],"about":[{"href":"https:\/\/famous-solidarite.eu\/ro\/wp-json\/wp\/v2\/types\/page"}],"author":[{"embeddable":true,"href":"https:\/\/famous-solidarite.eu\/ro\/wp-json\/wp\/v2\/users\/1"}],"replies":[{"embeddable":true,"href":"https:\/\/famous-solidarite.eu\/ro\/wp-json\/wp\/v2\/comments?post=814"}],"version-history":[{"count":7,"href":"https:\/\/famous-solidarite.eu\/ro\/wp-json\/wp\/v2\/pages\/814\/revisions"}],"predecessor-version":[{"id":828,"href":"https:\/\/famous-solidarite.eu\/ro\/wp-json\/wp\/v2\/pages\/814\/revisions\/828"}],"wp:attachment":[{"href":"https:\/\/famous-solidarite.eu\/ro\/wp-json\/wp\/v2\/media?parent=814"}],"curies":[{"name":"wp","href":"https:\/\/api.w.org\/{rel}","templated":true}]}}