{"id":830,"date":"2023-03-23T11:29:13","date_gmt":"2023-03-23T10:29:13","guid":{"rendered":"https:\/\/famous-solidarite.eu\/politique-de-confidentialite\/"},"modified":"2023-03-23T12:15:34","modified_gmt":"2023-03-23T11:15:34","slug":"politica-de-confidentialitate","status":"publish","type":"page","link":"https:\/\/famous-solidarite.eu\/ro\/politica-de-confidentialitate\/","title":{"rendered":"Politica de confiden\u021bialitate"},"content":{"rendered":"\t\t<div data-elementor-type=\"wp-page\" data-elementor-id=\"830\" class=\"elementor elementor-830 elementor-784\" data-elementor-post-type=\"page\">\n\t\t\t\t\t\t<section class=\"elementor-section elementor-top-section elementor-element elementor-element-5b09e00 elementor-section-height-min-height elementor-section-items-bottom elementor-section-boxed elementor-section-height-default\" data-id=\"5b09e00\" data-element_type=\"section\" data-settings=\"{&quot;background_background&quot;:&quot;classic&quot;}\">\n\t\t\t\t\t\t<div class=\"elementor-container elementor-column-gap-default\">\n\t\t\t\t\t<div class=\"elementor-column elementor-col-100 elementor-top-column elementor-element elementor-element-57ddb14\" data-id=\"57ddb14\" data-element_type=\"column\">\n\t\t\t<div class=\"elementor-widget-wrap elementor-element-populated\">\n\t\t\t\t\t\t<div class=\"elementor-element elementor-element-9aa8172 elementor-widget elementor-widget-heading\" data-id=\"9aa8172\" data-element_type=\"widget\" data-widget_type=\"heading.default\">\n\t\t\t\t<div class=\"elementor-widget-container\">\n\t\t\t\t\t<h1 class=\"elementor-heading-title elementor-size-default\">Politica de confiden\u021bialitate<\/h1>\t\t\t\t<\/div>\n\t\t\t\t<\/div>\n\t\t\t\t\t<\/div>\n\t\t<\/div>\n\t\t\t\t\t<\/div>\n\t\t<\/section>\n\t\t\t\t<section class=\"elementor-section elementor-top-section elementor-element elementor-element-72691d28 elementor-section-boxed elementor-section-height-default elementor-section-height-default\" data-id=\"72691d28\" data-element_type=\"section\">\n\t\t\t\t\t\t<div class=\"elementor-container elementor-column-gap-default\">\n\t\t\t\t\t<div class=\"elementor-column elementor-col-100 elementor-top-column elementor-element elementor-element-53617a7d\" data-id=\"53617a7d\" data-element_type=\"column\">\n\t\t\t<div class=\"elementor-widget-wrap elementor-element-populated\">\n\t\t\t\t\t\t<div class=\"elementor-element elementor-element-32136f5e elementor-widget elementor-widget-text-editor\" data-id=\"32136f5e\" data-element_type=\"widget\" data-widget_type=\"text-editor.default\">\n\t\t\t\t<div class=\"elementor-widget-container\">\n\t\t\t\t\t\t\t\t\t<p>Ultima actualizare la 23-Mar-2023<br \/>Data intr\u0103rii \u00een vigoare 23-Mar-2023<\/p><p>Aceast\u0103 politic\u0103 de confiden\u021bialitate descrie politicile de<\/p><p>Secours Populaire Fran\u00e7ais Comit\u00e9 de Roubaix,<br \/>61 rue Winston Churchill,<br \/>Roubaix 59100,<br \/>Roubaix 59100, Fran\u021ba,<br \/>E-mail: contact@spfroubaix.org,<br \/>telefon: 00330963276768<\/p><p>despre colectarea, utilizarea \u0219i dezv\u0103luirea informa\u021biilor dumneavoastr\u0103<br \/>despre utilizarea \u0219i dezv\u0103luirea informa\u021biilor pe care le colect\u0103m atunci c\u00e2nd utiliza\u021bi site-ul nostru web ( https:\/\/famous-solidarite.eu ).<br \/>(&#8222;Serviciul&#8221;). Prin accesarea sau utilizarea Serviciului, sunte\u021bi de acord cu colectarea, utilizarea \u0219i dezv\u0103luirea informa\u021biilor dvs. \u00een conformitate cu aceast\u0103 politic\u0103 de confiden\u021bialitate. Dac\u0103 nu sunte\u021bi de acord, v\u0103 rug\u0103m s\u0103 nu accesa\u021bi sau s\u0103 utiliza\u021bi Serviciul.<\/p><p>Putem modifica aceast\u0103 Politic\u0103 de confiden\u021bialitate \u00een orice moment f\u0103r\u0103 a v\u0103 anun\u021ba \u00een prealabil \u0219i vom publica Politica de confiden\u021bialitate revizuit\u0103 pe Serviciu. Politica revizuit\u0103 va intra \u00een vigoare la 180 de zile dup\u0103 ce este postat\u0103 pe serviciu.<br \/>Politica revizuit\u0103 va intra \u00een vigoare la 180 de zile dup\u0103 ce politica revizuit\u0103 va fi postat\u0103 pe serviciu, iar accesul sau utilizarea continu\u0103 a serviciului dup\u0103 aceast\u0103 dat\u0103 va constitui acceptarea de c\u0103tre dvs. a politicii de confiden\u021bialitate revizuite. Prin urmare, v\u0103 recomand\u0103m s\u0103 verifica\u021bi periodic aceast\u0103 pagin\u0103.<\/p><h2 class=\"privacy-policy-h2\">Informa\u021biile pe care le colect\u0103m:<\/h2><p>Vom colecta \u0219i procesa urm\u0103toarele informa\u021bii<br \/>Informa\u021bii personale despre dumneavoastr\u0103:<\/p><p>Nume<br \/>E-mail<\/p><h2 class=\"privacy-policy-h2\">Cum \u00eemp\u0103rt\u0103\u0219im informa\u021biile dumneavoastr\u0103:<\/h2><p>Nu vom transmite informa\u021biile dvs. personale unei ter\u021be p\u0103r\u021bi f\u0103r\u0103 consim\u021b\u0103m\u00e2ntul dvs., cu excep\u021bia circumstan\u021belor limitate descrise mai jos:<\/p><p>Statistici<\/p><p>Solicit\u0103m acestor ter\u021be p\u0103r\u021bi s\u0103 utilizeze informa\u021biile personale pe care le transfer\u0103m c\u0103tre acestea numai \u00een scopurile pentru care au fost transferate \u0219i s\u0103 nu le p\u0103streze mai mult dec\u00e2t este necesar pentru aceste scopuri.<\/p><p>De asemenea, este posibil s\u0103 dezv\u0103luim informa\u021biile dvs. personale pentru: (1) a respecta legile, reglement\u0103rile, ordinele judec\u0103tore\u0219ti sau alte proceduri legale aplicabile; (2) a aplica acordurile pe care le-a\u021bi \u00eencheiat cu noi, inclusiv aceast\u0103 Politic\u0103 de confiden\u021bialitate; sau (3) a r\u0103spunde la reclama\u021biile conform c\u0103rora utilizarea Serviciului de c\u0103tre dvs. \u00eencalc\u0103 drepturile unei ter\u021be p\u0103r\u021bi. \u00cen cazul \u00een care serviciul sau compania noastr\u0103 fuzioneaz\u0103 cu sau este achizi\u021bionat\u0103 de o alt\u0103 companie, informa\u021biile dvs. vor fi unul dintre activele transferate noului proprietar.<\/p><h2 class=\"privacy-policy-h2\">P\u0103strarea informa\u021biilor dumneavoastr\u0103 :<\/h2><p class=\"privacy-policy-p\">Vom p\u0103stra informa\u021biile dvs. personale timp de 90 de zile p\u00e2n\u0103 la 2 ani dup\u0103 ce utilizatorii \u00ee\u0219i \u00eenchid contul sau at\u00e2ta timp c\u00e2t avem nevoie de ele pentru a \u00eendeplini scopurile pentru care au fost colectate, a\u0219a cum este detaliat \u00een aceast\u0103 politic\u0103 de confiden\u021bialitate. Este posibil s\u0103 fie necesar s\u0103 p\u0103str\u0103m anumite informa\u021bii pentru perioade mai lungi, de exemplu, pentru p\u0103strarea \u00eenregistr\u0103rilor sau \u00een scopuri de raportare \u00een conformitate cu legisla\u021bia aplicabil\u0103 sau din alte motive legitime, cum ar fi aplicarea drepturilor legale, prevenirea fraudei etc. Informa\u021biile anonime reziduale \u0219i informa\u021biile agregate, care nu v\u0103 identific\u0103 (direct sau indirect), pot fi stocate pe termen nedefinit.<\/p><h2 class=\"privacy-policy-h2\">Drepturile dumneavoastr\u0103:<\/h2><p>\u00cen func\u021bie de legisla\u021bia aplicabil\u0103, pute\u021bi avea dreptul de acces \u0219i de rectificare sau \u0219tergere a datelor dvs. cu caracter personal sau de a primi o copie a datelor dvs. cu caracter personal, de a restric\u021biona sau de a v\u0103 opune prelucr\u0103rii active a datelor dvs., de a ne cere s\u0103 partaj\u0103m (port) datele dvs. cu caracter personal cu o alt\u0103 entitate, de a retrage orice consim\u021b\u0103m\u00e2nt pe care ni l-a\u021bi dat pentru prelucrarea datelor dvs., de a depune o pl\u00e2ngere.<br \/>\u00cen plus, v\u0103 putem acorda dreptul de a v\u0103 opune prelucr\u0103rii active a datelor dvs., de a ne cere s\u0103 partaj\u0103m (port) datele dvs. personale cu o alt\u0103 entitate, de a retrage orice consim\u021b\u0103m\u00e2nt pe care ni l-a\u021bi dat pentru a v\u0103 prelucra datele, dreptul de a depune o pl\u00e2ngere la o autoritate legal\u0103 \u0219i orice alte drepturi care pot fi exercitate.<br \/>Ave\u021bi dreptul de a retrage orice consim\u021b\u0103m\u00e2nt pe care ni l-a\u021bi dat pentru a v\u0103 prelucra datele, dreptul de a depune o pl\u00e2ngere la o autoritate legal\u0103 \u0219i orice alte drepturi relevante \u00een temeiul legisla\u021biei aplicabile. Pentru a v\u0103 exercita aceste drepturi, ne pute\u021bi scrie la adresa atcontact@spfroubaix.org. Vom r\u0103spunde solicit\u0103rii dvs. \u00een conformitate cu legisla\u021bia aplicabil\u0103.<\/p><p>V\u0103 rug\u0103m s\u0103 re\u021bine\u021bi c\u0103, dac\u0103 nu ne autoriza\u021bi s\u0103 colect\u0103m sau s\u0103 prelucr\u0103m informa\u021biile personale solicitate sau dac\u0103 v\u0103 retrage\u021bi consim\u021b\u0103m\u00e2ntul pentru prelucrarea acestor informa\u021bii \u00een scopurile solicitate, este posibil s\u0103 nu pute\u021bi accesa sau utiliza serviciile pentru care au fost solicitate informa\u021biile dumneavoastr\u0103.<\/p><h2 class=\"privacy-policy-h2\">Cookies:<\/h2><p>Pentru a afla mai multe despre modul \u00een care folosim aceste tehnologii \u0219i despre op\u021biunile pe care le ave\u021bi cu privire la aceste tehnologii de urm\u0103rire, v\u0103 rug\u0103m s\u0103 consulta\u021bi pagina noastr\u0103 de internet <a href=\"https:\/\/famous-solidarite.eu\/ro\/cookies\/\">Cookies<\/a><\/p><h2 class=\"privacy-policy-h2\">Securitate:<\/h2><p class=\"privacy-policy-p\">Securitatea informa\u021biilor dvs. este important\u0103 pentru noi \u0219i vom folosi m\u0103suri de securitate rezonabile pentru a preveni pierderea, utilizarea abuziv\u0103 sau modificarea neautorizat\u0103 a informa\u021biilor dvs. aflate sub controlul nostru. Cu toate acestea, din cauza riscurilor inerente, nu putem garanta o securitate absolut\u0103 \u0219i, prin urmare, nu putem asigura sau garanta securitatea informa\u021biilor pe care ni le transmite\u021bi, iar dumneavoastr\u0103 o face\u021bi pe propriul dvs. risc.<\/p><h2 class=\"privacy-policy-h2\">Responsabilul cu reclama\u021biile \u0219i protec\u021bia datelor :<\/h2><p class=\"privacy-policy-p\">Dac\u0103 ave\u021bi \u00eentreb\u0103ri sau nel\u0103muriri cu privire la prelucrarea informa\u021biilor pe care le ave\u021bi la dispozi\u021bia noastr\u0103, pute\u021bi trimite un e-mail ofi\u021berului nostru de reclama\u021bii la Secours Populaire Fran\u00e7ais Comit\u00e9 de Roubaix,<br \/>61 rue Winston Churchill 59100 Roubaix,<br \/>e-mail: contact@spfroubaix.org.<br \/>Ne vom ocupa de preocup\u0103rile dvs. \u00een conformitate cu legisla\u021bia aplicabil\u0103.<\/p>\t\t\t\t\t\t\t\t<\/div>\n\t\t\t\t<\/div>\n\t\t\t\t\t<\/div>\n\t\t<\/div>\n\t\t\t\t\t<\/div>\n\t\t<\/section>\n\t\t\t\t<\/div>\n\t\t","protected":false},"excerpt":{"rendered":"<p>Politica de confiden\u021bialitate Ultima actualizare la 23-Mar-2023Data intr\u0103rii \u00een vigoare 23-Mar-2023 Aceast\u0103 politic\u0103 de confiden\u021bialitate descrie politicile de Secours Populaire Fran\u00e7ais Comit\u00e9 de Roubaix,61 rue Winston Churchill,Roubaix 59100,Roubaix 59100, Fran\u021ba,E-mail: contact@spfroubaix.org,telefon: 00330963276768 despre colectarea, utilizarea \u0219i dezv\u0103luirea informa\u021biilor dumneavoastr\u0103despre utilizarea \u0219i dezv\u0103luirea informa\u021biilor pe care le colect\u0103m atunci c\u00e2nd utiliza\u021bi site-ul nostru web ( https:\/\/famous-solidarite.eu [&hellip;]<\/p>\n","protected":false},"author":1,"featured_media":0,"parent":0,"menu_order":0,"comment_status":"closed","ping_status":"closed","template":"","meta":{"footnotes":""},"class_list":["post-830","page","type-page","status-publish","hentry"],"rankMath":{"parentDomain":"famous-solidarite.eu","noFollowDomains":[],"noFollowExcludeDomains":[],"noFollowExternalLinks":false,"featuredImageNotice":"Imaginea reprezentativ\u0103 ar trebui s\u0103 fie de cel pu\u021bin 200 x 200 pixeli pentru a fi preluat\u0103 de Facebook \u0219i de alte re\u021bele de socializare.","pluginReviewed":false,"postSettings":{"linkSuggestions":true,"useFocusKeyword":false},"frontEndScore":false,"postName":"politica-de-confidentialitate","permalinkFormat":"https:\/\/famous-solidarite.eu\/ro\/%pagename%\/","showLockModifiedDate":true,"assessor":{"focusKeywordLink":"https:\/\/famous-solidarite.eu\/wp-admin\/edit.php?focus_keyword=%focus_keyword%&post_type=%post_type%","hasTOCPlugin":true,"primaryTaxonomy":false,"serpData":{"title":"","description":"","focusKeywords":"","pillarContent":false,"canonicalUrl":"","breadcrumbTitle":"","advancedRobots":[],"facebookTitle":"","facebookDescription":"","facebookImage":"","facebookImageID":"","facebookHasOverlay":false,"facebookImageOverlay":"","facebookAuthor":"","twitterCardType":"","twitterUseFacebook":true,"twitterTitle":"","twitterDescription":"","twitterImage":"","twitterImageID":"","twitterHasOverlay":false,"twitterImageOverlay":"","twitterPlayerUrl":"","twitterPlayerSize":"","twitterPlayerStream":"","twitterPlayerStreamCtype":"","twitterAppDescription":"","twitterAppIphoneName":"","twitterAppIphoneID":"","twitterAppIphoneUrl":"","twitterAppIpadName":"","twitterAppIpadID":"","twitterAppIpadUrl":"","twitterAppGoogleplayName":"","twitterAppGoogleplayID":"","twitterAppGoogleplayUrl":"","twitterAppCountry":"","robots":{"index":true},"twitterAuthor":"nume utilizator","primaryTerm":0,"authorName":"famous@admin","titleTemplate":"%title% %sep% %sitename%","descriptionTemplate":"%excerpt%","showScoreFrontend":true,"lockModifiedDate":false},"powerWords":[],"diacritics":{"A":"[\\u0041\\u24B6\\uFF21\\u00C0\\u00C1\\u00C2\\u1EA6\\u1EA4\\u1EAA\\u1EA8\\u00C3\\u0100\\u0102\\u1EB0\\u1EAE\\u1EB4\\u1EB2\\u0226\\u01E0\\u00C4\\u01DE\\u1EA2\\u00C5\\u01FA\\u01CD\\u0200\\u0202\\u1EA0\\u1EAC\\u1EB6\\u1E00\\u0104\\u023A\\u2C6F]","AA":"[\\uA732]","AE":"[\\u00C6\\u01FC\\u01E2]","AO":"[\\uA734]","AU":"[\\uA736]","AV":"[\\uA738\\uA73A]","AY":"[\\uA73C]","B":"[\\u0042\\u24B7\\uFF22\\u1E02\\u1E04\\u1E06\\u0243\\u0182\\u0181]","C":"[\\u0043\\u24B8\\uFF23\\u0106\\u0108\\u010A\\u010C\\u00C7\\u1E08\\u0187\\u023B\\uA73E]","D":"[\\u0044\\u24B9\\uFF24\\u1E0A\\u010E\\u1E0C\\u1E10\\u1E12\\u1E0E\\u0110\\u018B\\u018A\\u0189\\uA779]","DZ":"[\\u01F1\\u01C4]","Dz":"[\\u01F2\\u01C5]","E":"[\\u0045\\u24BA\\uFF25\\u00C8\\u00C9\\u00CA\\u1EC0\\u1EBE\\u1EC4\\u1EC2\\u1EBC\\u0112\\u1E14\\u1E16\\u0114\\u0116\\u00CB\\u1EBA\\u011A\\u0204\\u0206\\u1EB8\\u1EC6\\u0228\\u1E1C\\u0118\\u1E18\\u1E1A\\u0190\\u018E]","F":"[\\u0046\\u24BB\\uFF26\\u1E1E\\u0191\\uA77B]","G":"[\\u0047\\u24BC\\uFF27\\u01F4\\u011C\\u1E20\\u011E\\u0120\\u01E6\\u0122\\u01E4\\u0193\\uA7A0\\uA77D\\uA77E]","H":"[\\u0048\\u24BD\\uFF28\\u0124\\u1E22\\u1E26\\u021E\\u1E24\\u1E28\\u1E2A\\u0126\\u2C67\\u2C75\\uA78D]","I":"[\\u0049\\u24BE\\uFF29\\u00CC\\u00CD\\u00CE\\u0128\\u012A\\u012C\\u0130\\u00CF\\u1E2E\\u1EC8\\u01CF\\u0208\\u020A\\u1ECA\\u012E\\u1E2C\\u0197]","J":"[\\u004A\\u24BF\\uFF2A\\u0134\\u0248]","K":"[\\u004B\\u24C0\\uFF2B\\u1E30\\u01E8\\u1E32\\u0136\\u1E34\\u0198\\u2C69\\uA740\\uA742\\uA744\\uA7A2]","L":"[\\u004C\\u24C1\\uFF2C\\u013F\\u0139\\u013D\\u1E36\\u1E38\\u013B\\u1E3C\\u1E3A\\u0141\\u023D\\u2C62\\u2C60\\uA748\\uA746\\uA780]","LJ":"[\\u01C7]","Lj":"[\\u01C8]","M":"[\\u004D\\u24C2\\uFF2D\\u1E3E\\u1E40\\u1E42\\u2C6E\\u019C]","N":"[\\u004E\\u24C3\\uFF2E\\u01F8\\u0143\\u00D1\\u1E44\\u0147\\u1E46\\u0145\\u1E4A\\u1E48\\u0220\\u019D\\uA790\\uA7A4]","NJ":"[\\u01CA]","Nj":"[\\u01CB]","O":"[\\u004F\\u24C4\\uFF2F\\u00D2\\u00D3\\u00D4\\u1ED2\\u1ED0\\u1ED6\\u1ED4\\u00D5\\u1E4C\\u022C\\u1E4E\\u014C\\u1E50\\u1E52\\u014E\\u022E\\u0230\\u00D6\\u022A\\u1ECE\\u0150\\u01D1\\u020C\\u020E\\u01A0\\u1EDC\\u1EDA\\u1EE0\\u1EDE\\u1EE2\\u1ECC\\u1ED8\\u01EA\\u01EC\\u00D8\\u01FE\\u0186\\u019F\\uA74A\\uA74C]","OI":"[\\u01A2]","OO":"[\\uA74E]","OU":"[\\u0222]","P":"[\\u0050\\u24C5\\uFF30\\u1E54\\u1E56\\u01A4\\u2C63\\uA750\\uA752\\uA754]","Q":"[\\u0051\\u24C6\\uFF31\\uA756\\uA758\\u024A]","R":"[\\u0052\\u24C7\\uFF32\\u0154\\u1E58\\u0158\\u0210\\u0212\\u1E5A\\u1E5C\\u0156\\u1E5E\\u024C\\u2C64\\uA75A\\uA7A6\\uA782]","S":"[\\u0053\\u24C8\\uFF33\\u1E9E\\u015A\\u1E64\\u015C\\u1E60\\u0160\\u1E66\\u1E62\\u1E68\\u0218\\u015E\\u2C7E\\uA7A8\\uA784]","T":"[\\u0054\\u24C9\\uFF34\\u1E6A\\u0164\\u1E6C\\u021A\\u0162\\u1E70\\u1E6E\\u0166\\u01AC\\u01AE\\u023E\\uA786]","TZ":"[\\uA728]","U":"[\\u0055\\u24CA\\uFF35\\u00D9\\u00DA\\u00DB\\u0168\\u1E78\\u016A\\u1E7A\\u016C\\u00DC\\u01DB\\u01D7\\u01D5\\u01D9\\u1EE6\\u016E\\u0170\\u01D3\\u0214\\u0216\\u01AF\\u1EEA\\u1EE8\\u1EEE\\u1EEC\\u1EF0\\u1EE4\\u1E72\\u0172\\u1E76\\u1E74\\u0244]","V":"[\\u0056\\u24CB\\uFF36\\u1E7C\\u1E7E\\u01B2\\uA75E\\u0245]","VY":"[\\uA760]","W":"[\\u0057\\u24CC\\uFF37\\u1E80\\u1E82\\u0174\\u1E86\\u1E84\\u1E88\\u2C72]","X":"[\\u0058\\u24CD\\uFF38\\u1E8A\\u1E8C]","Y":"[\\u0059\\u24CE\\uFF39\\u1EF2\\u00DD\\u0176\\u1EF8\\u0232\\u1E8E\\u0178\\u1EF6\\u1EF4\\u01B3\\u024E\\u1EFE]","Z":"[\\u005A\\u24CF\\uFF3A\\u0179\\u1E90\\u017B\\u017D\\u1E92\\u1E94\\u01B5\\u0224\\u2C7F\\u2C6B\\uA762]","a":"[\\u0061\\u24D0\\uFF41\\u1E9A\\u00E0\\u00E1\\u00E2\\u1EA7\\u1EA5\\u1EAB\\u1EA9\\u00E3\\u0101\\u0103\\u1EB1\\u1EAF\\u1EB5\\u1EB3\\u0227\\u01E1\\u00E4\\u01DF\\u1EA3\\u00E5\\u01FB\\u01CE\\u0201\\u0203\\u1EA1\\u1EAD\\u1EB7\\u1E01\\u0105\\u2C65\\u0250]","aa":"[\\uA733]","ae":"[\\u00E6\\u01FD\\u01E3]","ao":"[\\uA735]","au":"[\\uA737]","av":"[\\uA739\\uA73B]","ay":"[\\uA73D]","b":"[\\u0062\\u24D1\\uFF42\\u1E03\\u1E05\\u1E07\\u0180\\u0183\\u0253]","c":"[\\u0063\\u24D2\\uFF43\\u0107\\u0109\\u010B\\u010D\\u00E7\\u1E09\\u0188\\u023C\\uA73F\\u2184]","d":"[\\u0064\\u24D3\\uFF44\\u1E0B\\u010F\\u1E0D\\u1E11\\u1E13\\u1E0F\\u0111\\u018C\\u0256\\u0257\\uA77A]","dz":"[\\u01F3\\u01C6]","e":"[\\u0065\\u24D4\\uFF45\\u00E8\\u00E9\\u00EA\\u1EC1\\u1EBF\\u1EC5\\u1EC3\\u1EBD\\u0113\\u1E15\\u1E17\\u0115\\u0117\\u00EB\\u1EBB\\u011B\\u0205\\u0207\\u1EB9\\u1EC7\\u0229\\u1E1D\\u0119\\u1E19\\u1E1B\\u0247\\u025B\\u01DD]","f":"[\\u0066\\u24D5\\uFF46\\u1E1F\\u0192\\uA77C]","g":"[\\u0067\\u24D6\\uFF47\\u01F5\\u011D\\u1E21\\u011F\\u0121\\u01E7\\u0123\\u01E5\\u0260\\uA7A1\\u1D79\\uA77F]","h":"[\\u0068\\u24D7\\uFF48\\u0125\\u1E23\\u1E27\\u021F\\u1E25\\u1E29\\u1E2B\\u1E96\\u0127\\u2C68\\u2C76\\u0265]","hv":"[\\u0195]","i":"[\\u0069\\u24D8\\uFF49\\u00EC\\u00ED\\u00EE\\u0129\\u012B\\u012D\\u00EF\\u1E2F\\u1EC9\\u01D0\\u0209\\u020B\\u1ECB\\u012F\\u1E2D\\u0268\\u0131]","j":"[\\u006A\\u24D9\\uFF4A\\u0135\\u01F0\\u0249]","k":"[\\u006B\\u24DA\\uFF4B\\u1E31\\u01E9\\u1E33\\u0137\\u1E35\\u0199\\u2C6A\\uA741\\uA743\\uA745\\uA7A3]","l":"[\\u006C\\u24DB\\uFF4C\\u0140\\u013A\\u013E\\u1E37\\u1E39\\u013C\\u1E3D\\u1E3B\\u017F\\u0142\\u019A\\u026B\\u2C61\\uA749\\uA781\\uA747]","lj":"[\\u01C9]","m":"[\\u006D\\u24DC\\uFF4D\\u1E3F\\u1E41\\u1E43\\u0271\\u026F]","n":"[\\u006E\\u24DD\\uFF4E\\u01F9\\u0144\\u00F1\\u1E45\\u0148\\u1E47\\u0146\\u1E4B\\u1E49\\u019E\\u0272\\u0149\\uA791\\uA7A5]","nj":"[\\u01CC]","o":"[\\u006F\\u24DE\\uFF4F\\u00F2\\u00F3\\u00F4\\u1ED3\\u1ED1\\u1ED7\\u1ED5\\u00F5\\u1E4D\\u022D\\u1E4F\\u014D\\u1E51\\u1E53\\u014F\\u022F\\u0231\\u00F6\\u022B\\u1ECF\\u0151\\u01D2\\u020D\\u020F\\u01A1\\u1EDD\\u1EDB\\u1EE1\\u1EDF\\u1EE3\\u1ECD\\u1ED9\\u01EB\\u01ED\\u00F8\\u01FF\\u0254\\uA74B\\uA74D\\u0275]","oi":"[\\u01A3]","ou":"[\\u0223]","oo":"[\\uA74F]","p":"[\\u0070\\u24DF\\uFF50\\u1E55\\u1E57\\u01A5\\u1D7D\\uA751\\uA753\\uA755]","q":"[\\u0071\\u24E0\\uFF51\\u024B\\uA757\\uA759]","r":"[\\u0072\\u24E1\\uFF52\\u0155\\u1E59\\u0159\\u0211\\u0213\\u1E5B\\u1E5D\\u0157\\u1E5F\\u024D\\u027D\\uA75B\\uA7A7\\uA783]","s":"[\\u0073\\u24E2\\uFF53\\u015B\\u1E65\\u015D\\u1E61\\u0161\\u1E67\\u1E63\\u1E69\\u0219\\u015F\\u023F\\uA7A9\\uA785\\u1E9B]","ss":"[\\u00DF]","t":"[\\u0074\\u24E3\\uFF54\\u1E6B\\u1E97\\u0165\\u1E6D\\u021B\\u0163\\u1E71\\u1E6F\\u0167\\u01AD\\u0288\\u2C66\\uA787]","tz":"[\\uA729]","u":"[\\u0075\\u24E4\\uFF55\\u00F9\\u00FA\\u00FB\\u0169\\u1E79\\u016B\\u1E7B\\u016D\\u00FC\\u01DC\\u01D8\\u01D6\\u01DA\\u1EE7\\u016F\\u0171\\u01D4\\u0215\\u0217\\u01B0\\u1EEB\\u1EE9\\u1EEF\\u1EED\\u1EF1\\u1EE5\\u1E73\\u0173\\u1E77\\u1E75\\u0289]","v":"[\\u0076\\u24E5\\uFF56\\u1E7D\\u1E7F\\u028B\\uA75F\\u028C]","vy":"[\\uA761]","w":"[\\u0077\\u24E6\\uFF57\\u1E81\\u1E83\\u0175\\u1E87\\u1E85\\u1E98\\u1E89\\u2C73]","x":"[\\u0078\\u24E7\\uFF58\\u1E8B\\u1E8D]","y":"[\\u0079\\u24E8\\uFF59\\u1EF3\\u00FD\\u0177\\u1EF9\\u0233\\u1E8F\\u00FF\\u1EF7\\u1E99\\u1EF5\\u01B4\\u024F\\u1EFF]","z":"[\\u007A\\u24E9\\uFF5A\\u017A\\u1E91\\u017C\\u017E\\u1E93\\u1E95\\u01B6\\u0225\\u0240\\u2C6C\\uA763]"},"researchesTests":["contentHasTOC","contentHasShortParagraphs","contentHasAssets","keywordInTitle","keywordInMetaDescription","keywordInPermalink","keywordIn10Percent","keywordInContent","keywordInSubheadings","keywordInImageAlt","keywordDensity","keywordNotUsed","lengthContent","lengthPermalink","linksHasInternal","linksHasExternals","linksNotAllExternals","titleStartWithKeyword","titleSentiment","titleHasPowerWords","titleHasNumber","hasContentAI"],"hasRedirection":false,"hasBreadcrumb":false},"homeUrl":"https:\/\/famous-solidarite.eu\/ro\/","objectID":830,"objectType":"post","locale":"ro","localeFull":"ro_RO","overlayImages":{"play":{"name":"Icon redare","url":"https:\/\/famous-solidarite.eu\/wp-content\/plugins\/seo-by-rank-math\/assets\/admin\/img\/icon-play.png","path":"\/home\/clients\/852d5b7c6bade280b4f7ffccfde993c0\/sites\/famous-solidarite.eu\/wp-content\/plugins\/seo-by-rank-math\/assets\/admin\/img\/icon-play.png","position":"middle_center"},"gif":{"name":"Icon GIF","url":"https:\/\/famous-solidarite.eu\/wp-content\/plugins\/seo-by-rank-math\/assets\/admin\/img\/icon-gif.png","path":"\/home\/clients\/852d5b7c6bade280b4f7ffccfde993c0\/sites\/famous-solidarite.eu\/wp-content\/plugins\/seo-by-rank-math\/assets\/admin\/img\/icon-gif.png","position":"middle_center"}},"defautOgImage":"https:\/\/famous-solidarite.eu\/wp-content\/plugins\/seo-by-rank-math\/assets\/admin\/img\/social-placeholder.jpg","customPermalinks":true,"isUserRegistered":true,"autoSuggestKeywords":true,"connectSiteUrl":"https:\/\/rankmath.com\/auth?site=https%3A%2F%2Ffamous-solidarite.eu%2Fro%2F&r=https%3A%2F%2Ffamous-solidarite.eu%2Fro%2Fwp-json%2Fwp%2Fv2%2Fpages%2F830%3Fnonce%3De81410467b","maxTags":5,"trendsIcon":"<svg viewBox=\"0 0 610 610\"><path d=\"M18.85,446,174.32,290.48l58.08,58.08L76.93,504a14.54,14.54,0,0,1-20.55,0L18.83,466.48a14.54,14.54,0,0,1,0-20.55Z\" style=\"fill:#4285f4\"\/><path d=\"M242.65,242.66,377.59,377.6l-47.75,47.75a14.54,14.54,0,0,1-20.55,0L174.37,290.43l47.75-47.75A14.52,14.52,0,0,1,242.65,242.66Z\" style=\"fill:#ea4335\"\/><polygon points=\"319.53 319.53 479.26 159.8 537.34 217.88 377.61 377.62 319.53 319.53\" style=\"fill:#fabb05\"\/><path d=\"M594.26,262.73V118.61h0a16.94,16.94,0,0,0-16.94-16.94H433.2a16.94,16.94,0,0,0-12,28.92L565.34,274.71h0a16.94,16.94,0,0,0,28.92-12Z\" style=\"fill:#34a853\"\/><rect width=\"610\" height=\"610\" style=\"fill:none\"\/><\/svg>","showScore":true,"siteFavIcon":"https:\/\/famous-solidarite.eu\/wp-content\/uploads\/2022\/11\/cropped-Icon_Famous-32x32.png","canUser":{"general":false,"advanced":false,"snippet":false,"social":false,"analysis":false,"analytics":false,"content_ai":false},"showKeywordIntent":true,"isPro":false,"is_front_page":false,"trendsUpgradeLink":"https:\/\/rankmath.com\/pricing\/?utm_source=Plugin&utm_medium=CE%20General%20Tab%20Trends&utm_campaign=WP","trendsUpgradeLabel":"Actualizeaz\u0103","trendsPreviewImage":"https:\/\/famous-solidarite.eu\/wp-content\/plugins\/seo-by-rank-math\/assets\/admin\/img\/trends-preview.jpg","currentEditor":false,"homepageData":{"assessor":{"powerWords":[],"diacritics":true,"researchesTests":["contentHasTOC","contentHasShortParagraphs","contentHasAssets","keywordInTitle","keywordInMetaDescription","keywordInPermalink","keywordIn10Percent","keywordInContent","keywordInSubheadings","keywordInImageAlt","keywordDensity","keywordNotUsed","lengthContent","lengthPermalink","linksHasInternal","linksHasExternals","linksNotAllExternals","titleStartWithKeyword","titleSentiment","titleHasPowerWords","titleHasNumber","hasContentAI"],"hasBreadcrumb":false,"serpData":{"title":"%sitename% %page% %sep% %sitedesc%","description":"","titleTemplate":"%sitename% %page% %sep% %sitedesc%","descriptionTemplate":"","focusKeywords":"","breadcrumbTitle":"Home","robots":{"index":true},"advancedRobots":[],"facebookTitle":"","facebookDescription":"","facebookImage":"","facebookImageID":""}}},"tocTitle":"Table of Contents","tocExcludeHeadings":[],"listStyle":"ul"},"_links":{"self":[{"href":"https:\/\/famous-solidarite.eu\/ro\/wp-json\/wp\/v2\/pages\/830","targetHints":{"allow":["GET"]}}],"collection":[{"href":"https:\/\/famous-solidarite.eu\/ro\/wp-json\/wp\/v2\/pages"}],"about":[{"href":"https:\/\/famous-solidarite.eu\/ro\/wp-json\/wp\/v2\/types\/page"}],"author":[{"embeddable":true,"href":"https:\/\/famous-solidarite.eu\/ro\/wp-json\/wp\/v2\/users\/1"}],"replies":[{"embeddable":true,"href":"https:\/\/famous-solidarite.eu\/ro\/wp-json\/wp\/v2\/comments?post=830"}],"version-history":[{"count":5,"href":"https:\/\/famous-solidarite.eu\/ro\/wp-json\/wp\/v2\/pages\/830\/revisions"}],"predecessor-version":[{"id":840,"href":"https:\/\/famous-solidarite.eu\/ro\/wp-json\/wp\/v2\/pages\/830\/revisions\/840"}],"wp:attachment":[{"href":"https:\/\/famous-solidarite.eu\/ro\/wp-json\/wp\/v2\/media?parent=830"}],"curies":[{"name":"wp","href":"https:\/\/api.w.org\/{rel}","templated":true}]}}